{"id":21,"date":"2024-01-12T20:57:12","date_gmt":"2024-01-12T20:57:12","guid":{"rendered":"https:\/\/siiis.pl\/?page_id=21"},"modified":"2024-01-13T16:17:01","modified_gmt":"2024-01-13T16:17:01","slug":"o-stowarzyszeniu","status":"publish","type":"page","link":"https:\/\/siiis.pl\/index.php\/o-stowarzyszeniu\/","title":{"rendered":"Projekty zrealizowane"},"content":{"rendered":"\n<p><\/p>\n\n\n\n<p>Us\u0142uga weryfikacji i odbioru pod k\u0105tem poprawno\u015bci merytorycznej informacji zawodoznawczych wraz z obudow\u0105 multimedialn\u0105 oraz dodatkowych funkcjonalno\u015bci i wirtualnych spacer\u00f3w opracowanych w formie e-materia\u0142\u00f3w dla bran\u017c: elektroenergetycznej, fryzjersko-kosmetycznej, motoryzacyjnej, opieki zdrowotnej, przemys\u0142u mody, rolno-hodowlanej, teleinformatycznej dla<strong> O\u015brodka Rozwoju Edukacji<\/strong> w ramach projektu pozakonkursowego pn.: <a href=\"https:\/\/www.ore.edu.pl\/category\/projekty-po-wer\/weryfikacja-i-odbior-produktow-2-14\/\">\u201eWeryfikacja i odbi\u00f3r produkt\u00f3w projekt\u00f3w konkursowych z Dzia\u0142ania 2.14\u201d<\/a>, wsp\u00f3\u0142finansowanego z&nbsp;Europejskiego Funduszu Spo\u0142ecznego.<\/p>\n\n\n\n<hr class=\"wp-block-separator has-alpha-channel-opacity\"\/>\n\n\n\n<p>Opracowanie programu nauczania do umiej\u0119tno\u015bci dodatkowych dla <strong>Contentplus.pl sp. z o.o. <\/strong>w&nbsp;ramach projektu <a href=\"https:\/\/contentplus.pl\/projekty-ue\/\" data-type=\"link\" data-id=\"https:\/\/contentplus.pl\/projekty-ue\/\">\u201eOpracowanie program\u00f3w nauczania do umiej\u0119tno\u015bci dodatkowych dla zawod\u00f3w \u2013 II etap (DUZ II) &#8211; obszar IX bran\u017ca ogrodnicza, rolno-hodowlana i le\u015bna\u201d<\/a>, wsp\u00f3\u0142finansowanego ze \u015brodk\u00f3w Unii Europejskiej w&nbsp;ramach Europejskiego Funduszu Spo\u0142ecznego.<\/p>\n\n\n\n<hr class=\"wp-block-separator has-alpha-channel-opacity\"\/>\n\n\n\n<p>Cz\u0142onkowie stowarzyszenia we wsp\u00f3\u0142pracy z niepubliczn\u0105 plac\u00f3wk\u0105 doskonalenia nauczycieli <strong>Centrum Nowoczesnej Edukacji SCHOLAR<\/strong> prowadz\u0105 dla rad pedagogicznych szkolenia w ramach programu <a href=\"https:\/\/www.scholar.org.pl\/szkolazsenem\/\">&#8222;Szko\u0142a z sensem&#8221;<\/a>.<\/p>\n\n\n\n<hr class=\"wp-block-separator has-alpha-channel-opacity\"\/>\n\n\n\n<p>Cz\u0142onkowie stowarzyszenia we wsp\u00f3\u0142pracy z <strong>Krajow\u0105 Izb\u0105 Mediator\u00f3w i Arbitr\u00f3w<\/strong> przeprowadzili szkolenia dla uczni\u00f3w szk\u00f3\u0142 podstawowych z zakresu mediacji r\u00f3wie\u015bniczych.<\/p>\n\n\n\n<hr class=\"wp-block-separator has-alpha-channel-opacity\"\/>\n","protected":false},"excerpt":{"rendered":"<p>Us\u0142uga weryfikacji i odbioru pod k\u0105tem poprawno\u015bci merytorycznej informacji zawodoznawczych wraz z obudow\u0105 multimedialn\u0105 oraz dodatkowych funkcjonalno\u015bci i wirtualnych spacer\u00f3w opracowanych w formie e-materia\u0142\u00f3w dla bran\u017c: elektroenergetycznej, fryzjersko-kosmetycznej, motoryzacyjnej, opieki zdrowotnej, przemys\u0142u mody, rolno-hodowlanej, teleinformatycznej dla O\u015brodka Rozwoju Edukacji w ramach projektu pozakonkursowego pn.: \u201eWeryfikacja i odbi\u00f3r produkt\u00f3w projekt\u00f3w konkursowych z Dzia\u0142ania 2.14\u201d, wsp\u00f3\u0142finansowanego z&nbsp;Europejskiego<br \/><a class=\"btn btn-theme post-btn\" href=\"https:\/\/siiis.pl\/index.php\/o-stowarzyszeniu\/\">Read More<\/a><\/p>\n","protected":false},"author":1,"featured_media":0,"parent":0,"menu_order":0,"comment_status":"closed","ping_status":"closed","template":"templates\/fullwidth.php","meta":{"footnotes":""},"class_list":["post-21","page","type-page","status-publish","hentry"],"_links":{"self":[{"href":"https:\/\/siiis.pl\/index.php\/wp-json\/wp\/v2\/pages\/21","targetHints":{"allow":["GET"]}}],"collection":[{"href":"https:\/\/siiis.pl\/index.php\/wp-json\/wp\/v2\/pages"}],"about":[{"href":"https:\/\/siiis.pl\/index.php\/wp-json\/wp\/v2\/types\/page"}],"author":[{"embeddable":true,"href":"https:\/\/siiis.pl\/index.php\/wp-json\/wp\/v2\/users\/1"}],"replies":[{"embeddable":true,"href":"https:\/\/siiis.pl\/index.php\/wp-json\/wp\/v2\/comments?post=21"}],"version-history":[{"count":11,"href":"https:\/\/siiis.pl\/index.php\/wp-json\/wp\/v2\/pages\/21\/revisions"}],"predecessor-version":[{"id":57,"href":"https:\/\/siiis.pl\/index.php\/wp-json\/wp\/v2\/pages\/21\/revisions\/57"}],"wp:attachment":[{"href":"https:\/\/siiis.pl\/index.php\/wp-json\/wp\/v2\/media?parent=21"}],"curies":[{"name":"wp","href":"https:\/\/api.w.org\/{rel}","templated":true}]}}