{"id":9,"date":"2024-01-12T20:43:33","date_gmt":"2024-01-12T20:43:33","guid":{"rendered":"https:\/\/siiis.pl\/?page_id=9"},"modified":"2024-01-13T16:05:02","modified_gmt":"2024-01-13T16:05:02","slug":"stowarzyszenie","status":"publish","type":"page","link":"https:\/\/siiis.pl\/","title":{"rendered":"Stowarzyszenie Innowacji i Inicjatyw Spo\u0142ecznych"},"content":{"rendered":"\n<p>Jeste\u015bmy organizacj\u0105 non-profit realizuj\u0105c\u0105 projekty w celu upowszechniania innowacji edukacyjnych i wspierania lokalnych inicjatyw spo\u0142ecznych.<\/p>\n\n\n\n<p>Stowarzyszenie realizuje swoje cele poprzez:&nbsp;<br>a) organizacj\u0119 i realizacj\u0119 projekt\u00f3w edukacyjnych,<br>b) prowadzenie bada\u0144 naukowych w ramach poszczeg\u00f3lnych dyscyplin naukowych,&nbsp;<br>c) wydawanie publikacji naukowych i popularnonaukowych,<br>d) wspieranie i organizacj\u0119 wydarze\u0144 naukowych i edukacyjnych,<br>e) wsp\u00f3\u0142prac\u0119 z organami administracji rz\u0105dowej i samorz\u0105dowej, o\u015brodkami naukowymi w kraju i za granic\u0105, pokrewnymi organizacjami lokalnymi, regionalnymi, krajowymi i zagranicznymi, organizacjami spo\u0142ecznymi i plac\u00f3wkami kulturalno-o\u015bwiatowymi oraz \u015brodkami masowego przekazu.<\/p>\n\n\n\n<p>Zapraszamy do wsp\u00f3\u0142pracy<\/p>\n","protected":false},"excerpt":{"rendered":"<p>Jeste\u015bmy organizacj\u0105 non-profit realizuj\u0105c\u0105 projekty w celu upowszechniania innowacji edukacyjnych i wspierania lokalnych inicjatyw spo\u0142ecznych. Stowarzyszenie realizuje swoje cele poprzez:&nbsp;a) organizacj\u0119 i realizacj\u0119 projekt\u00f3w edukacyjnych,b) prowadzenie bada\u0144 naukowych w ramach poszczeg\u00f3lnych dyscyplin naukowych,&nbsp;c) wydawanie publikacji naukowych i popularnonaukowych,d) wspieranie i organizacj\u0119 wydarze\u0144 naukowych i edukacyjnych,e) wsp\u00f3\u0142prac\u0119 z organami administracji rz\u0105dowej i samorz\u0105dowej, o\u015brodkami naukowymi w<br \/><a class=\"btn btn-theme post-btn\" href=\"https:\/\/siiis.pl\/\">Read More<\/a><\/p>\n","protected":false},"author":1,"featured_media":0,"parent":0,"menu_order":0,"comment_status":"closed","ping_status":"closed","template":"templates\/fullwidth.php","meta":{"footnotes":""},"class_list":["post-9","page","type-page","status-publish","hentry"],"_links":{"self":[{"href":"https:\/\/siiis.pl\/index.php\/wp-json\/wp\/v2\/pages\/9","targetHints":{"allow":["GET"]}}],"collection":[{"href":"https:\/\/siiis.pl\/index.php\/wp-json\/wp\/v2\/pages"}],"about":[{"href":"https:\/\/siiis.pl\/index.php\/wp-json\/wp\/v2\/types\/page"}],"author":[{"embeddable":true,"href":"https:\/\/siiis.pl\/index.php\/wp-json\/wp\/v2\/users\/1"}],"replies":[{"embeddable":true,"href":"https:\/\/siiis.pl\/index.php\/wp-json\/wp\/v2\/comments?post=9"}],"version-history":[{"count":8,"href":"https:\/\/siiis.pl\/index.php\/wp-json\/wp\/v2\/pages\/9\/revisions"}],"predecessor-version":[{"id":50,"href":"https:\/\/siiis.pl\/index.php\/wp-json\/wp\/v2\/pages\/9\/revisions\/50"}],"wp:attachment":[{"href":"https:\/\/siiis.pl\/index.php\/wp-json\/wp\/v2\/media?parent=9"}],"curies":[{"name":"wp","href":"https:\/\/api.w.org\/{rel}","templated":true}]}}